{"id":75,"date":"2023-12-08T21:35:14","date_gmt":"2023-12-08T18:35:14","guid":{"rendered":"https:\/\/termalteknik.com.tr\/?page_id=75"},"modified":"2024-02-23T17:29:36","modified_gmt":"2024-02-23T14:29:36","slug":"iletisim","status":"publish","type":"page","link":"https:\/\/termalteknik.com.tr\/beyaz-esya-servisi\/iletisim\/","title":{"rendered":"\u0130leti\u015fim"},"content":{"rendered":"\n<p id=\"block-9b1d640e-5a49-4163-ab8c-18c015e10231\"><br>\ufeff<\/p>\n\n\n\n<p><strong>\u0130leti\u015fim Bilgilerimiz<br><\/strong><br><a href=\"tel:08503038207\" data-type=\"tel\" data-id=\"tel:08503038207\">0850 303 8207<br><\/a><a href=\"tel:05322468207\" data-type=\"tel\" data-id=\"tel:05322468207\">0532 246 8207<\/a><\/p>\n\n\n\n<p>iletisim@termalteknik.com.tr<\/p>\n\n\n\n<p>Uyan\u0131\u015f, G\u00fclbaba Cd. No:23\/B, 06300 Ke\u00e7i\u00f6ren\/Ankara<\/p>\n\n\n\n<div class=\"wp-block-columns are-vertically-aligned-center is-layout-flex wp-container-core-columns-is-layout-1 wp-block-columns-is-layout-flex\">\n<div class=\"wp-block-column is-vertically-aligned-center is-layout-flow wp-block-column-is-layout-flow\" style=\"flex-basis:100%\">\n<iframe src=\"https:\/\/www.google.com\/maps\/embed?pb=!1m14!1m8!1m3!1d12224.852419790921!2d32.8694861!3d40.0036872!3m2!1i1024!2i768!4f13.1!3m3!1m2!1s0x14d34da4215386db%3A0x1098e7d8df819dad!2sTermal%20Teknik%20Kombi%20Servisi!5e0!3m2!1str!2str!4v1708698502012!5m2!1str!2str\" width=\"600\" height=\"450\" style=\"border:0;\" allowfullscreen=\"\" loading=\"lazy\" referrerpolicy=\"no-referrer-when-downgrade\"><\/iframe>\n<\/div>\n<\/div>\n\n\n<pre class=\"ti-widget\"><div class=\"ti-widget ti-goog\" data-no-translation=\"true\" data-layout-id=\"4\" data-set-id=\"ligth-border\" data-pid=\"\" data-pager-autoplay-timeout=\"6\" data-review-target-width=\"300\" data-language=\"tr\" > <div class=\"ti-widget-container ti-col-3\"> <div class=\"ti-reviews-container\"> <div class=\"ti-controls\"> <div class=\"ti-next\"><\/div> <div class=\"ti-prev\"><\/div> <\/div> <div class=\"ti-reviews-container-wrapper\">  <div data-empty=\"0\" class=\"ti-review-item source-Google\" > <div class=\"ti-inner\"> <div class=\"ti-review-header\"> <div class=\"ti-profile-img\"> <img decoding=\"async\" src=\"https:\/\/lh3.googleusercontent.com\/a-\/ALV-UjXFmQNNUErtUoEdVbm8aKnQo86pj4RCL27roNMJ_k_Z2lY=s120-c-rp-mo-br100\" alt=\"ufuk do\u011fu\" \/> <\/div> <div class=\"ti-profile-details\"> <div class=\"ti-name\"> ufuk do\u011fu <\/div> <div class=\"ti-date\">2024-02-05<\/div> <\/div> <\/div> <span class=\"ti-stars\"><span class=\"ti-star f\"><\/span><span class=\"ti-star f\"><\/span><span class=\"ti-star f\"><\/span><span class=\"ti-star f\"><\/span><span class=\"ti-star f\"><\/span><\/span> <div class=\"ti-review-text-container ti-review-content\"><!-- R-CONTENT -->\u0130\u015fini severek d\u00fcr\u00fcst yapan nadir insanlardan tavsiye ediyorum<!-- R-CONTENT --><\/div> <span class=\"ti-read-more\" data-container=\".ti-review-content\" data-collapse-text=\"Saklamak\" data-open-text=\"Daha fazla oku\" ><\/span> <\/div> <\/div>  <div data-empty=\"0\" class=\"ti-review-item source-Google\" > <div class=\"ti-inner\"> <div class=\"ti-review-header\"> <div class=\"ti-profile-img\"> <img decoding=\"async\" src=\"https:\/\/lh3.googleusercontent.com\/a\/ACg8ocJqRCTdeFtsRswcDKkrni_tAGuFRlecbe6-IwfMfHbS=s120-c-rp-mo-br100\" alt=\"Ay\u015fe Y\u0131ld\u0131r\u0131m\" \/> <\/div> <div class=\"ti-profile-details\"> <div class=\"ti-name\"> Ay\u015fe Y\u0131ld\u0131r\u0131m <\/div> <div class=\"ti-date\">2024-02-05<\/div> <\/div> <\/div> <span class=\"ti-stars\"><span class=\"ti-star f\"><\/span><span class=\"ti-star f\"><\/span><span class=\"ti-star f\"><\/span><span class=\"ti-star f\"><\/span><span class=\"ti-star f\"><\/span><\/span> <div class=\"ti-review-text-container ti-review-content\"><!-- R-CONTENT -->Kom\u015fumuzun tavsiyesi \u00fczerine ula\u015ft\u0131k kendilerine i\u015flerinde uzmanlar biz bak\u0131m yapt\u0131rd\u0131k memnun kald\u0131k.<!-- R-CONTENT --><\/div> <span class=\"ti-read-more\" data-container=\".ti-review-content\" data-collapse-text=\"Saklamak\" data-open-text=\"Daha fazla oku\" ><\/span> <\/div> <\/div>  <div data-empty=\"0\" class=\"ti-review-item source-Google\" > <div class=\"ti-inner\"> <div class=\"ti-review-header\"> <div class=\"ti-profile-img\"> <img decoding=\"async\" src=\"https:\/\/lh3.googleusercontent.com\/a-\/ALV-UjV9w5P2tUbVmqtDKoRgDC_XnVCxjR1lqKwcYcz4XEEY7ck=s120-c-rp-mo-ba3-br100\" alt=\"deneyelimm\" \/> <\/div> <div class=\"ti-profile-details\"> <div class=\"ti-name\"> deneyelimm <\/div> <div class=\"ti-date\">2024-02-05<\/div> <\/div> <\/div> <span class=\"ti-stars\"><span class=\"ti-star f\"><\/span><span class=\"ti-star f\"><\/span><span class=\"ti-star f\"><\/span><span class=\"ti-star f\"><\/span><span class=\"ti-star f\"><\/span><\/span> <div class=\"ti-review-text-container ti-review-content\"><!-- R-CONTENT -->Kombi ve klima sekt\u00f6r\u00fcnde en iyi firmalardan biridir g\u00fcvenilir \u2705<!-- R-CONTENT --><\/div> <span class=\"ti-read-more\" data-container=\".ti-review-content\" data-collapse-text=\"Saklamak\" data-open-text=\"Daha fazla oku\" ><\/span> <\/div> <\/div>  <div data-empty=\"0\" class=\"ti-review-item source-Google\" > <div class=\"ti-inner\"> <div class=\"ti-review-header\"> <div class=\"ti-profile-img\"> <img decoding=\"async\" src=\"https:\/\/lh3.googleusercontent.com\/a\/ACg8ocKwIwhaDJ4hPDCLIhAQSOvuWmmXkmKIR3vSywcFJnDL=s120-c-rp-mo-br100\" alt=\"Fahri Oran\" \/> <\/div> <div class=\"ti-profile-details\"> <div class=\"ti-name\"> Fahri Oran <\/div> <div class=\"ti-date\">2024-02-05<\/div> <\/div> <\/div> <span class=\"ti-stars\"><span class=\"ti-star f\"><\/span><span class=\"ti-star f\"><\/span><span class=\"ti-star f\"><\/span><span class=\"ti-star f\"><\/span><span class=\"ti-star f\"><\/span><\/span> <div class=\"ti-review-text-container ti-review-content\"><!-- R-CONTENT -->Ramazan usta ve ekibinin ellerine sa\u011fl\u0131k , \u00e7\u00f6z\u00fcm odakl\u0131 d\u00fc\u015f\u00fcn\u00fcp ar\u0131zam\u0131z\u0131 ger\u00e7ekten m\u00e2kul bir fiyattan \u00e7\u00f6zd\u00fcler ????<!-- R-CONTENT --><\/div> <span class=\"ti-read-more\" data-container=\".ti-review-content\" data-collapse-text=\"Saklamak\" data-open-text=\"Daha fazla oku\" ><\/span> <\/div> <\/div>  <div data-empty=\"0\" class=\"ti-review-item source-Google\" > <div class=\"ti-inner\"> <div class=\"ti-review-header\"> <div class=\"ti-profile-img\"> <img decoding=\"async\" src=\"https:\/\/lh3.googleusercontent.com\/a\/ACg8ocIo743PxI-ck0G1wGB0wnljd6tKieJmztw53OQsFcex=s120-c-rp-mo-br100\" alt=\"Alperen Aktepe\" \/> <\/div> <div class=\"ti-profile-details\"> <div class=\"ti-name\"> Alperen Aktepe <\/div> <div class=\"ti-date\">2024-02-04<\/div> <\/div> <\/div> <span class=\"ti-stars\"><span class=\"ti-star f\"><\/span><span class=\"ti-star f\"><\/span><span class=\"ti-star f\"><\/span><span class=\"ti-star f\"><\/span><span class=\"ti-star f\"><\/span><\/span> <div class=\"ti-review-text-container ti-review-content\"><!-- R-CONTENT -->Alt\u0131nda\u011f karap\u00fcr\u00e7ekten servisi arad\u0131k h\u0131zl\u0131 bir \u015fekilde g\u00fcn i\u00e7inde geldiler yard\u0131mc\u0131 oldular kombimiz F hatas\u0131 veriyordu.<!-- R-CONTENT --><\/div> <span class=\"ti-read-more\" data-container=\".ti-review-content\" data-collapse-text=\"Saklamak\" data-open-text=\"Daha fazla oku\" ><\/span> <\/div> <\/div>  <div data-empty=\"0\" class=\"ti-review-item source-Google\" > <div class=\"ti-inner\"> <div class=\"ti-review-header\"> <div class=\"ti-profile-img\"> <img decoding=\"async\" src=\"https:\/\/lh3.googleusercontent.com\/a\/ACg8ocK7xAxVk3DhXL8AmstA2Vz_XwVkVyKBZv5v5o44SRbZ=s120-c-rp-mo-br100\" alt=\"Semih Bayrak\" \/> <\/div> <div class=\"ti-profile-details\"> <div class=\"ti-name\"> Semih Bayrak <\/div> <div class=\"ti-date\">2024-02-04<\/div> <\/div> <\/div> <span class=\"ti-stars\"><span class=\"ti-star f\"><\/span><span class=\"ti-star f\"><\/span><span class=\"ti-star f\"><\/span><span class=\"ti-star f\"><\/span><span class=\"ti-star f\"><\/span><\/span> <div class=\"ti-review-text-container ti-review-content\"><!-- R-CONTENT -->Ariston marka kombimizin rutin bak\u0131m\u0131n\u0131 yapt\u0131rd\u0131k memnun kald\u0131k.<!-- R-CONTENT --><\/div> <span class=\"ti-read-more\" data-container=\".ti-review-content\" data-collapse-text=\"Saklamak\" data-open-text=\"Daha fazla oku\" ><\/span> <\/div> <\/div>  <div data-empty=\"0\" class=\"ti-review-item source-Google\" > <div class=\"ti-inner\"> <div class=\"ti-review-header\"> <div class=\"ti-profile-img\"> <img decoding=\"async\" src=\"https:\/\/lh3.googleusercontent.com\/a\/ACg8ocIsCmoY52Zdg3E-gG6-2tR3Wqy0ZswzDuJ23GyGa3bC=s120-c-rp-mo-br100\" alt=\"\u0130simsiz\" \/> <\/div> <div class=\"ti-profile-details\"> <div class=\"ti-name\"> \u0130simsiz <\/div> <div class=\"ti-date\">2024-02-04<\/div> <\/div> <\/div> <span class=\"ti-stars\"><span class=\"ti-star f\"><\/span><span class=\"ti-star f\"><\/span><span class=\"ti-star f\"><\/span><span class=\"ti-star f\"><\/span><span class=\"ti-star f\"><\/span><\/span> <div class=\"ti-review-text-container ti-review-content\"><!-- R-CONTENT -->Evimizin kombisini tamir ettirdik, fiyatlar\u0131 uygun tavsiye ederim.<!-- R-CONTENT --><\/div> <span class=\"ti-read-more\" data-container=\".ti-review-content\" data-collapse-text=\"Saklamak\" data-open-text=\"Daha fazla oku\" ><\/span> <\/div> <\/div>  <div data-empty=\"0\" class=\"ti-review-item source-Google\" > <div class=\"ti-inner\"> <div class=\"ti-review-header\"> <div class=\"ti-profile-img\"> <img decoding=\"async\" src=\"https:\/\/lh3.googleusercontent.com\/a\/ACg8ocI4x5EcrMFUgrKgHQqp9Zj2EmQ7k3XEDR2aZu8eXJYY=s120-c-rp-mo-br100\" alt=\"Kader Aksu\" \/> <\/div> <div class=\"ti-profile-details\"> <div class=\"ti-name\"> Kader Aksu <\/div> <div class=\"ti-date\">2024-02-04<\/div> <\/div> <\/div> <span class=\"ti-stars\"><span class=\"ti-star f\"><\/span><span class=\"ti-star f\"><\/span><span class=\"ti-star f\"><\/span><span class=\"ti-star f\"><\/span><span class=\"ti-star f\"><\/span><\/span> <div class=\"ti-review-text-container ti-review-content\"><!-- R-CONTENT -->Keciorendeki evimizin kombisini tamir ettirdik uygun fiyata tavsiye ederim<!-- R-CONTENT --><\/div> <span class=\"ti-read-more\" data-container=\".ti-review-content\" data-collapse-text=\"Saklamak\" data-open-text=\"Daha fazla oku\" ><\/span> <\/div> <\/div>  <div data-empty=\"0\" class=\"ti-review-item source-Google\" > <div class=\"ti-inner\"> <div class=\"ti-review-header\"> <div class=\"ti-profile-img\"> <img decoding=\"async\" src=\"https:\/\/lh3.googleusercontent.com\/a\/ACg8ocLJWFJVSjbsUnp6zq2Ox-PfSDYtJWcuvdWi4IN6Q5lV-A=s120-c-rp-mo-br100\" alt=\"adem \u00f6\" \/> <\/div> <div class=\"ti-profile-details\"> <div class=\"ti-name\"> adem \u00f6 <\/div> <div class=\"ti-date\">2024-02-04<\/div> <\/div> <\/div> <span class=\"ti-stars\"><span class=\"ti-star f\"><\/span><span class=\"ti-star f\"><\/span><span class=\"ti-star f\"><\/span><span class=\"ti-star f\"><\/span><span class=\"ti-star f\"><\/span><\/span> <div class=\"ti-review-text-container ti-review-content\"><!-- R-CONTENT -->Ke\u00e7i\u00f6rendeki dairemizin kombisinden su ak\u0131t\u0131yordu \u00e7a\u011f\u0131rd\u0131n \u00e7ok makul bir fiyattan onar\u0131m\u0131n\u0131 yapt\u0131lar<!-- R-CONTENT --><\/div> <span class=\"ti-read-more\" data-container=\".ti-review-content\" data-collapse-text=\"Saklamak\" data-open-text=\"Daha fazla oku\" ><\/span> <\/div> <\/div>  <div data-empty=\"0\" class=\"ti-review-item source-Google\" > <div class=\"ti-inner\"> <div class=\"ti-review-header\"> <div class=\"ti-profile-img\"> <img decoding=\"async\" src=\"https:\/\/lh3.googleusercontent.com\/a-\/ALV-UjWLrXoPN4Vuj6YldKr8_KNHFEPPjI_YWl66bxY1KPeeXw=s120-c-rp-mo-br100\" alt=\"KR\u00c7AKIR\" \/> <\/div> <div class=\"ti-profile-details\"> <div class=\"ti-name\"> KR\u00c7AKIR <\/div> <div class=\"ti-date\">2024-02-04<\/div> <\/div> <\/div> <span class=\"ti-stars\"><span class=\"ti-star f\"><\/span><span class=\"ti-star f\"><\/span><span class=\"ti-star f\"><\/span><span class=\"ti-star f\"><\/span><span class=\"ti-star f\"><\/span><\/span> <div class=\"ti-review-text-container ti-review-content\"><!-- R-CONTENT -->Kombi ve petek i\u015finde tam donan\u0131ml\u0131 \u00e7al\u0131\u015fanlar\u0131 g\u00fcler y\u00fczl\u00fc Termal Teknik<!-- R-CONTENT --><\/div> <span class=\"ti-read-more\" data-container=\".ti-review-content\" data-collapse-text=\"Saklamak\" data-open-text=\"Daha fazla oku\" ><\/span> <\/div> <\/div>  <\/div> <div class=\"ti-controls-line\"> <div class=\"dot\"><\/div> <\/div> <\/div>   <\/div> <\/div> <\/pre>\n","protected":false},"excerpt":{"rendered":"<p>\ufeff \u0130leti\u015fim Bilgilerimiz0850 303 82070532 246 8207 iletisim@termalteknik.com.tr Uyan\u0131\u015f, G\u00fclbaba Cd. No:23\/B, 06300 Ke\u00e7i\u00f6ren\/Ankara<\/p>\n","protected":false},"author":1,"featured_media":0,"parent":0,"menu_order":0,"comment_status":"closed","ping_status":"closed","template":"","meta":{"_regular_price":[],"currency_symbol":[],"footnotes":""},"post_slider_layout_featured_media_urls":{"thumbnail":"","post_slider_layout_landscape_large":"","post_slider_layout_portrait_large":"","post_slider_layout_square_large":"","post_slider_layout_landscape":"","post_slider_layout_portrait":"","post_slider_layout_square":"","full":""},"_links":{"self":[{"href":"https:\/\/termalteknik.com.tr\/beyaz-esya-servisi\/wp-json\/wp\/v2\/pages\/75"}],"collection":[{"href":"https:\/\/termalteknik.com.tr\/beyaz-esya-servisi\/wp-json\/wp\/v2\/pages"}],"about":[{"href":"https:\/\/termalteknik.com.tr\/beyaz-esya-servisi\/wp-json\/wp\/v2\/types\/page"}],"author":[{"embeddable":true,"href":"https:\/\/termalteknik.com.tr\/beyaz-esya-servisi\/wp-json\/wp\/v2\/users\/1"}],"replies":[{"embeddable":true,"href":"https:\/\/termalteknik.com.tr\/beyaz-esya-servisi\/wp-json\/wp\/v2\/comments?post=75"}],"version-history":[{"count":6,"href":"https:\/\/termalteknik.com.tr\/beyaz-esya-servisi\/wp-json\/wp\/v2\/pages\/75\/revisions"}],"predecessor-version":[{"id":419,"href":"https:\/\/termalteknik.com.tr\/beyaz-esya-servisi\/wp-json\/wp\/v2\/pages\/75\/revisions\/419"}],"wp:attachment":[{"href":"https:\/\/termalteknik.com.tr\/beyaz-esya-servisi\/wp-json\/wp\/v2\/media?parent=75"}],"curies":[{"name":"wp","href":"https:\/\/api.w.org\/{rel}","templated":true}]}}