{"id":74,"date":"2023-12-08T21:35:14","date_gmt":"2023-12-08T18:35:14","guid":{"rendered":"https:\/\/termalteknik.com.tr\/?page_id=74"},"modified":"2024-01-12T18:23:57","modified_gmt":"2024-01-12T15:23:57","slug":"kurumsal","status":"publish","type":"page","link":"https:\/\/termalteknik.com.tr\/klima-servisi\/kurumsal\/","title":{"rendered":"Kurumsal"},"content":{"rendered":"\n<p>K\u00f6kl\u00fc ge\u00e7mi\u015fimizle kombi ve klima sekt\u00f6r\u00fcnde Ankara&#8217;da \u00f6nc\u00fc bir konumda hizmet veriyoruz. Firman\u0131n temel prensibi olan kalite, g\u00fcvenilirlik ve m\u00fc\u015fteri memnuniyeti ilkesiyle sekt\u00f6re y\u00f6n vermeye devam ediyoruz.<\/p>\n\n\n\n<p><strong>Deneyim ve Uzmanl\u0131k<\/strong><br>Kombi ve klima sistemleri, teknolojinin h\u0131zla de\u011fi\u015fti\u011fi bir sekt\u00f6rde, uzun y\u0131llar\u0131n birikim ve tecr\u00fcbesiyle ele al\u0131nmal\u0131d\u0131r. Termal Teknik olarak, sekt\u00f6rdeki birikimimizle, her t\u00fcrl\u00fc marka ve modeldeki kombi ve klima sistemlerinin bak\u0131m, onar\u0131m ve montaj hizmetlerini en \u00fcst seviyede sunmaktay\u0131z. Uzman kadromuz, s\u00fcrekli g\u00fcncellenen e\u011fitimleriyle sekt\u00f6rdeki yeniliklere ve geli\u015fmelere her zaman haz\u0131r bir \u015fekilde yakla\u015fmaktad\u0131r.<\/p>\n\n\n\n<p><strong>M\u00fc\u015fteri Memnuniyeti Odakl\u0131 Hizmet Anlay\u0131\u015f\u0131<\/strong><br>M\u00fc\u015fteri memnuniyeti, bizim i\u00e7in her zaman \u00f6ncelikli bir konu olmu\u015ftur. Sundu\u011fumuz hizmetlerde kalite standartlar\u0131na uygunlu\u011fu sa\u011flarken, ayn\u0131 zamanda m\u00fc\u015fterilerimizin beklentilerini kar\u015f\u0131lamak ve onlar\u0131n memnuniyetini en \u00fcst seviyeye \u00e7\u0131karmak temel hedefimizdir. \u00c7\u00f6z\u00fcm odakl\u0131 yakla\u015f\u0131m\u0131m\u0131z ve etkili ileti\u015fim politikam\u0131zla, m\u00fc\u015fterilerimize sadece bir hizmet sa\u011flamakla kalmay\u0131p, ayn\u0131 zamanda g\u00fcvenilir bir i\u015f orta\u011f\u0131 olma yolunda ilerlemekteyiz.<\/p>\n\n\n\n<p><strong>Teknolojik Geli\u015fmeleri Yak\u0131ndan Takip Ediyoruz<\/strong><br>Kombi ve klima sekt\u00f6r\u00fcndeki teknolojik geli\u015fmeleri yak\u0131ndan takip ediyoruz. Bu sayede, m\u00fc\u015fterilerimize her zaman en son teknolojiye uygun \u00e7\u00f6z\u00fcmler sunabiliyoruz. Yenilik\u00e7i bak\u0131\u015f a\u00e7\u0131m\u0131z ve s\u00fcrekli geli\u015fen donan\u0131m\u0131m\u0131z ile, kombi ve klima sistemlerinin en verimli \u015fekilde \u00e7al\u0131\u015fmas\u0131n\u0131 sa\u011flamak amac\u0131yla \u00e7al\u0131\u015f\u0131yoruz.<\/p>\n\n\n\n<p><strong>Ankara&#8217;n\u0131n Her K\u00f6\u015fesine H\u0131zl\u0131 ve G\u00fcvenilir Servis<\/strong><br>Ankara genelinde yayg\u0131n servis a\u011f\u0131m\u0131zla, m\u00fc\u015fterilerimizin ihtiya\u00e7lar\u0131na h\u0131zl\u0131 ve etkili \u00e7\u00f6z\u00fcmler sunuyoruz. E\u011fitimli teknik ekibimiz ve donan\u0131ml\u0131 servis ara\u00e7lar\u0131m\u0131zla, kombi ve klima sistemlerinizle ilgili her t\u00fcrl\u00fc sorununuzu en k\u0131sa s\u00fcrede \u00e7\u00f6z\u00fcme kavu\u015fturuyoruz.<\/p>\n\n\n\n<p><strong>Bizimle \u0130leti\u015fime Ge\u00e7in, Konforunuz Bizim \u0130\u00e7in \u00d6nemli!<\/strong><br>Kombi ve klima sistemlerinizle ilgili her t\u00fcrl\u00fc ihtiya\u00e7lar\u0131n\u0131z i\u00e7in yan\u0131n\u0131zday\u0131z. Deneyimli kadromuz, g\u00fcvenilir hizmet anlay\u0131\u015f\u0131m\u0131z ve m\u00fc\u015fteri odakl\u0131 yakla\u015f\u0131m\u0131m\u0131zla, konforunuz i\u00e7in \u00e7al\u0131\u015f\u0131yoruz. Bizimle ileti\u015fime ge\u00e7in ve profesyonel hizmetimizin keyfini ya\u015fay\u0131n.<\/p>\n\n\n\n<pre class=\"wp-block-code\"><code><\/code><\/pre>\n\n\n<pre class=\"ti-widget\"><div class=\"ti-widget ti-goog\" data-no-translation=\"true\" data-layout-id=\"4\" data-set-id=\"ligth-border\" data-pid=\"\" data-pager-autoplay-timeout=\"6\" data-review-target-width=\"300\" data-language=\"tr\" > <div class=\"ti-widget-container ti-col-3\"> <div class=\"ti-reviews-container\"> <div class=\"ti-controls\"> <div class=\"ti-next\"><\/div> <div class=\"ti-prev\"><\/div> <\/div> <div class=\"ti-reviews-container-wrapper\">  <div data-empty=\"0\" class=\"ti-review-item source-Google\" > <div class=\"ti-inner\"> <div class=\"ti-review-header\"> <div class=\"ti-profile-img\"> <img decoding=\"async\" src=\"https:\/\/lh3.googleusercontent.com\/a-\/ALV-UjXFmQNNUErtUoEdVbm8aKnQo86pj4RCL27roNMJ_k_Z2lY=s120-c-rp-mo-br100\" alt=\"ufuk do\u011fu\" \/> <\/div> <div class=\"ti-profile-details\"> <div class=\"ti-name\"> ufuk do\u011fu <\/div> <div class=\"ti-date\">2024-02-05<\/div> <\/div> <\/div> <span class=\"ti-stars\"><span class=\"ti-star f\"><\/span><span class=\"ti-star f\"><\/span><span class=\"ti-star f\"><\/span><span class=\"ti-star f\"><\/span><span class=\"ti-star f\"><\/span><\/span> <div class=\"ti-review-text-container ti-review-content\"><!-- R-CONTENT -->\u0130\u015fini severek d\u00fcr\u00fcst yapan nadir insanlardan tavsiye ediyorum<!-- R-CONTENT --><\/div> <span class=\"ti-read-more\" data-container=\".ti-review-content\" data-collapse-text=\"Saklamak\" data-open-text=\"Daha fazla oku\" ><\/span> <\/div> <\/div>  <div data-empty=\"0\" class=\"ti-review-item source-Google\" > <div class=\"ti-inner\"> <div class=\"ti-review-header\"> <div class=\"ti-profile-img\"> <img decoding=\"async\" src=\"https:\/\/lh3.googleusercontent.com\/a\/ACg8ocJqRCTdeFtsRswcDKkrni_tAGuFRlecbe6-IwfMfHbS=s120-c-rp-mo-br100\" alt=\"Ay\u015fe Y\u0131ld\u0131r\u0131m\" \/> <\/div> <div class=\"ti-profile-details\"> <div class=\"ti-name\"> Ay\u015fe Y\u0131ld\u0131r\u0131m <\/div> <div class=\"ti-date\">2024-02-05<\/div> <\/div> <\/div> <span class=\"ti-stars\"><span class=\"ti-star f\"><\/span><span class=\"ti-star f\"><\/span><span class=\"ti-star f\"><\/span><span class=\"ti-star f\"><\/span><span class=\"ti-star f\"><\/span><\/span> <div class=\"ti-review-text-container ti-review-content\"><!-- R-CONTENT -->Kom\u015fumuzun tavsiyesi \u00fczerine ula\u015ft\u0131k kendilerine i\u015flerinde uzmanlar biz bak\u0131m yapt\u0131rd\u0131k memnun kald\u0131k.<!-- R-CONTENT --><\/div> <span class=\"ti-read-more\" data-container=\".ti-review-content\" data-collapse-text=\"Saklamak\" data-open-text=\"Daha fazla oku\" ><\/span> <\/div> <\/div>  <div data-empty=\"0\" class=\"ti-review-item source-Google\" > <div class=\"ti-inner\"> <div class=\"ti-review-header\"> <div class=\"ti-profile-img\"> <img decoding=\"async\" src=\"https:\/\/lh3.googleusercontent.com\/a-\/ALV-UjV9w5P2tUbVmqtDKoRgDC_XnVCxjR1lqKwcYcz4XEEY7ck=s120-c-rp-mo-ba3-br100\" alt=\"deneyelimm\" \/> <\/div> <div class=\"ti-profile-details\"> <div class=\"ti-name\"> deneyelimm <\/div> <div class=\"ti-date\">2024-02-05<\/div> <\/div> <\/div> <span class=\"ti-stars\"><span class=\"ti-star f\"><\/span><span class=\"ti-star f\"><\/span><span class=\"ti-star f\"><\/span><span class=\"ti-star f\"><\/span><span class=\"ti-star f\"><\/span><\/span> <div class=\"ti-review-text-container ti-review-content\"><!-- R-CONTENT -->Kombi ve klima sekt\u00f6r\u00fcnde en iyi firmalardan biridir g\u00fcvenilir \u2705<!-- R-CONTENT --><\/div> <span class=\"ti-read-more\" data-container=\".ti-review-content\" data-collapse-text=\"Saklamak\" data-open-text=\"Daha fazla oku\" ><\/span> <\/div> <\/div>  <div data-empty=\"0\" class=\"ti-review-item source-Google\" > <div class=\"ti-inner\"> <div class=\"ti-review-header\"> <div class=\"ti-profile-img\"> <img decoding=\"async\" src=\"https:\/\/lh3.googleusercontent.com\/a\/ACg8ocKwIwhaDJ4hPDCLIhAQSOvuWmmXkmKIR3vSywcFJnDL=s120-c-rp-mo-br100\" alt=\"Fahri Oran\" \/> <\/div> <div class=\"ti-profile-details\"> <div class=\"ti-name\"> Fahri Oran <\/div> <div class=\"ti-date\">2024-02-05<\/div> <\/div> <\/div> <span class=\"ti-stars\"><span class=\"ti-star f\"><\/span><span class=\"ti-star f\"><\/span><span class=\"ti-star f\"><\/span><span class=\"ti-star f\"><\/span><span class=\"ti-star f\"><\/span><\/span> <div class=\"ti-review-text-container ti-review-content\"><!-- R-CONTENT -->Ramazan usta ve ekibinin ellerine sa\u011fl\u0131k , \u00e7\u00f6z\u00fcm odakl\u0131 d\u00fc\u015f\u00fcn\u00fcp ar\u0131zam\u0131z\u0131 ger\u00e7ekten m\u00e2kul bir fiyattan \u00e7\u00f6zd\u00fcler ????<!-- R-CONTENT --><\/div> <span class=\"ti-read-more\" data-container=\".ti-review-content\" data-collapse-text=\"Saklamak\" data-open-text=\"Daha fazla oku\" ><\/span> <\/div> <\/div>  <div data-empty=\"0\" class=\"ti-review-item source-Google\" > <div class=\"ti-inner\"> <div class=\"ti-review-header\"> <div class=\"ti-profile-img\"> <img decoding=\"async\" src=\"https:\/\/lh3.googleusercontent.com\/a\/ACg8ocIo743PxI-ck0G1wGB0wnljd6tKieJmztw53OQsFcex=s120-c-rp-mo-br100\" alt=\"Alperen Aktepe\" \/> <\/div> <div class=\"ti-profile-details\"> <div class=\"ti-name\"> Alperen Aktepe <\/div> <div class=\"ti-date\">2024-02-04<\/div> <\/div> <\/div> <span class=\"ti-stars\"><span class=\"ti-star f\"><\/span><span class=\"ti-star f\"><\/span><span class=\"ti-star f\"><\/span><span class=\"ti-star f\"><\/span><span class=\"ti-star f\"><\/span><\/span> <div class=\"ti-review-text-container ti-review-content\"><!-- R-CONTENT -->Alt\u0131nda\u011f karap\u00fcr\u00e7ekten servisi arad\u0131k h\u0131zl\u0131 bir \u015fekilde g\u00fcn i\u00e7inde geldiler yard\u0131mc\u0131 oldular kombimiz F hatas\u0131 veriyordu.<!-- R-CONTENT --><\/div> <span class=\"ti-read-more\" data-container=\".ti-review-content\" data-collapse-text=\"Saklamak\" data-open-text=\"Daha fazla oku\" ><\/span> <\/div> <\/div>  <div data-empty=\"0\" class=\"ti-review-item source-Google\" > <div class=\"ti-inner\"> <div class=\"ti-review-header\"> <div class=\"ti-profile-img\"> <img decoding=\"async\" src=\"https:\/\/lh3.googleusercontent.com\/a\/ACg8ocK7xAxVk3DhXL8AmstA2Vz_XwVkVyKBZv5v5o44SRbZ=s120-c-rp-mo-br100\" alt=\"Semih Bayrak\" \/> <\/div> <div class=\"ti-profile-details\"> <div class=\"ti-name\"> Semih Bayrak <\/div> <div class=\"ti-date\">2024-02-04<\/div> <\/div> <\/div> <span class=\"ti-stars\"><span class=\"ti-star f\"><\/span><span class=\"ti-star f\"><\/span><span class=\"ti-star f\"><\/span><span class=\"ti-star f\"><\/span><span class=\"ti-star f\"><\/span><\/span> <div class=\"ti-review-text-container ti-review-content\"><!-- R-CONTENT -->Ariston marka kombimizin rutin bak\u0131m\u0131n\u0131 yapt\u0131rd\u0131k memnun kald\u0131k.<!-- R-CONTENT --><\/div> <span class=\"ti-read-more\" data-container=\".ti-review-content\" data-collapse-text=\"Saklamak\" data-open-text=\"Daha fazla oku\" ><\/span> <\/div> <\/div>  <div data-empty=\"0\" class=\"ti-review-item source-Google\" > <div class=\"ti-inner\"> <div class=\"ti-review-header\"> <div class=\"ti-profile-img\"> <img decoding=\"async\" src=\"https:\/\/lh3.googleusercontent.com\/a\/ACg8ocIsCmoY52Zdg3E-gG6-2tR3Wqy0ZswzDuJ23GyGa3bC=s120-c-rp-mo-br100\" alt=\"\u0130simsiz\" \/> <\/div> <div class=\"ti-profile-details\"> <div class=\"ti-name\"> \u0130simsiz <\/div> <div class=\"ti-date\">2024-02-04<\/div> <\/div> <\/div> <span class=\"ti-stars\"><span class=\"ti-star f\"><\/span><span class=\"ti-star f\"><\/span><span class=\"ti-star f\"><\/span><span class=\"ti-star f\"><\/span><span class=\"ti-star f\"><\/span><\/span> <div class=\"ti-review-text-container ti-review-content\"><!-- R-CONTENT -->Evimizin kombisini tamir ettirdik, fiyatlar\u0131 uygun tavsiye ederim.<!-- R-CONTENT --><\/div> <span class=\"ti-read-more\" data-container=\".ti-review-content\" data-collapse-text=\"Saklamak\" data-open-text=\"Daha fazla oku\" ><\/span> <\/div> <\/div>  <div data-empty=\"0\" class=\"ti-review-item source-Google\" > <div class=\"ti-inner\"> <div class=\"ti-review-header\"> <div class=\"ti-profile-img\"> <img decoding=\"async\" src=\"https:\/\/lh3.googleusercontent.com\/a\/ACg8ocI4x5EcrMFUgrKgHQqp9Zj2EmQ7k3XEDR2aZu8eXJYY=s120-c-rp-mo-br100\" alt=\"Kader Aksu\" \/> <\/div> <div class=\"ti-profile-details\"> <div class=\"ti-name\"> Kader Aksu <\/div> <div class=\"ti-date\">2024-02-04<\/div> <\/div> <\/div> <span class=\"ti-stars\"><span class=\"ti-star f\"><\/span><span class=\"ti-star f\"><\/span><span class=\"ti-star f\"><\/span><span class=\"ti-star f\"><\/span><span class=\"ti-star f\"><\/span><\/span> <div class=\"ti-review-text-container ti-review-content\"><!-- R-CONTENT -->Keciorendeki evimizin kombisini tamir ettirdik uygun fiyata tavsiye ederim<!-- R-CONTENT --><\/div> <span class=\"ti-read-more\" data-container=\".ti-review-content\" data-collapse-text=\"Saklamak\" data-open-text=\"Daha fazla oku\" ><\/span> <\/div> <\/div>  <div data-empty=\"0\" class=\"ti-review-item source-Google\" > <div class=\"ti-inner\"> <div class=\"ti-review-header\"> <div class=\"ti-profile-img\"> <img decoding=\"async\" src=\"https:\/\/lh3.googleusercontent.com\/a\/ACg8ocLJWFJVSjbsUnp6zq2Ox-PfSDYtJWcuvdWi4IN6Q5lV-A=s120-c-rp-mo-br100\" alt=\"adem \u00f6\" \/> <\/div> <div class=\"ti-profile-details\"> <div class=\"ti-name\"> adem \u00f6 <\/div> <div class=\"ti-date\">2024-02-04<\/div> <\/div> <\/div> <span class=\"ti-stars\"><span class=\"ti-star f\"><\/span><span class=\"ti-star f\"><\/span><span class=\"ti-star f\"><\/span><span class=\"ti-star f\"><\/span><span class=\"ti-star f\"><\/span><\/span> <div class=\"ti-review-text-container ti-review-content\"><!-- R-CONTENT -->Ke\u00e7i\u00f6rendeki dairemizin kombisinden su ak\u0131t\u0131yordu \u00e7a\u011f\u0131rd\u0131n \u00e7ok makul bir fiyattan onar\u0131m\u0131n\u0131 yapt\u0131lar<!-- R-CONTENT --><\/div> <span class=\"ti-read-more\" data-container=\".ti-review-content\" data-collapse-text=\"Saklamak\" data-open-text=\"Daha fazla oku\" ><\/span> <\/div> <\/div>  <div data-empty=\"0\" class=\"ti-review-item source-Google\" > <div class=\"ti-inner\"> <div class=\"ti-review-header\"> <div class=\"ti-profile-img\"> <img decoding=\"async\" src=\"https:\/\/lh3.googleusercontent.com\/a-\/ALV-UjWLrXoPN4Vuj6YldKr8_KNHFEPPjI_YWl66bxY1KPeeXw=s120-c-rp-mo-br100\" alt=\"KR\u00c7AKIR\" \/> <\/div> <div class=\"ti-profile-details\"> <div class=\"ti-name\"> KR\u00c7AKIR <\/div> <div class=\"ti-date\">2024-02-04<\/div> <\/div> <\/div> <span class=\"ti-stars\"><span class=\"ti-star f\"><\/span><span class=\"ti-star f\"><\/span><span class=\"ti-star f\"><\/span><span class=\"ti-star f\"><\/span><span class=\"ti-star f\"><\/span><\/span> <div class=\"ti-review-text-container ti-review-content\"><!-- R-CONTENT -->Kombi ve petek i\u015finde tam donan\u0131ml\u0131 \u00e7al\u0131\u015fanlar\u0131 g\u00fcler y\u00fczl\u00fc Termal Teknik<!-- R-CONTENT --><\/div> <span class=\"ti-read-more\" data-container=\".ti-review-content\" data-collapse-text=\"Saklamak\" data-open-text=\"Daha fazla oku\" ><\/span> <\/div> <\/div>  <\/div> <div class=\"ti-controls-line\"> <div class=\"dot\"><\/div> <\/div> <\/div>   <\/div> <\/div> <\/pre>\n","protected":false},"excerpt":{"rendered":"<p>K\u00f6kl\u00fc ge\u00e7mi\u015fimizle kombi ve klima sekt\u00f6r\u00fcnde Ankara&#8217;da \u00f6nc\u00fc bir konumda hizmet veriyoruz. Firman\u0131n temel prensibi olan kalite, g\u00fcvenilirlik ve m\u00fc\u015fteri memnuniyeti ilkesiyle sekt\u00f6re y\u00f6n vermeye devam ediyoruz. Deneyim ve Uzmanl\u0131kKombi ve klima sistemleri, teknolojinin h\u0131zla de\u011fi\u015fti\u011fi bir sekt\u00f6rde, uzun y\u0131llar\u0131n birikim ve tecr\u00fcbesiyle ele al\u0131nmal\u0131d\u0131r. Termal Teknik olarak, sekt\u00f6rdeki birikimimizle, her t\u00fcrl\u00fc marka ve modeldeki [&hellip;]<\/p>\n","protected":false},"author":1,"featured_media":0,"parent":0,"menu_order":0,"comment_status":"closed","ping_status":"closed","template":"","meta":{"footnotes":""},"class_list":["post-74","page","type-page","status-publish","hentry"],"_links":{"self":[{"href":"https:\/\/termalteknik.com.tr\/klima-servisi\/wp-json\/wp\/v2\/pages\/74","targetHints":{"allow":["GET"]}}],"collection":[{"href":"https:\/\/termalteknik.com.tr\/klima-servisi\/wp-json\/wp\/v2\/pages"}],"about":[{"href":"https:\/\/termalteknik.com.tr\/klima-servisi\/wp-json\/wp\/v2\/types\/page"}],"author":[{"embeddable":true,"href":"https:\/\/termalteknik.com.tr\/klima-servisi\/wp-json\/wp\/v2\/users\/1"}],"replies":[{"embeddable":true,"href":"https:\/\/termalteknik.com.tr\/klima-servisi\/wp-json\/wp\/v2\/comments?post=74"}],"version-history":[{"count":4,"href":"https:\/\/termalteknik.com.tr\/klima-servisi\/wp-json\/wp\/v2\/pages\/74\/revisions"}],"predecessor-version":[{"id":216,"href":"https:\/\/termalteknik.com.tr\/klima-servisi\/wp-json\/wp\/v2\/pages\/74\/revisions\/216"}],"wp:attachment":[{"href":"https:\/\/termalteknik.com.tr\/klima-servisi\/wp-json\/wp\/v2\/media?parent=74"}],"curies":[{"name":"wp","href":"https:\/\/api.w.org\/{rel}","templated":true}]}}