{"id":75,"date":"2023-12-08T21:35:14","date_gmt":"2023-12-08T18:35:14","guid":{"rendered":"https:\/\/termalteknik.com.tr\/?page_id=75"},"modified":"2026-02-15T21:14:03","modified_gmt":"2026-02-15T18:14:03","slug":"iletisim","status":"publish","type":"page","link":"https:\/\/termalteknik.com.tr\/klima-servisi\/iletisim\/","title":{"rendered":"\u0130leti\u015fim"},"content":{"rendered":"\n<p id=\"block-9b1d640e-5a49-4163-ab8c-18c015e10231\"><br>\ufeff<\/p>\n\n\n\n<p><strong>\u0130leti\u015fim Bilgilerimiz<br><\/strong><a href=\"tel:08503038207\" data-type=\"tel\" data-id=\"tel:08503038207\"><br><\/a><a href=\"tel:05322468207\" data-type=\"tel\" data-id=\"tel:05322468207\">0532 246 8207<\/a><\/p>\n\n\n\n<p>iletisim@termalteknik.com.tr<\/p>\n\n\n\n<p>Uyan\u0131\u015f, G\u00fclbaba Cd. No:23\/B, 06300 Ke\u00e7i\u00f6ren\/Ankara<\/p>\n\n\n\n<div class=\"wp-block-columns are-vertically-aligned-center is-layout-flex wp-container-core-columns-is-layout-9d6595d7 wp-block-columns-is-layout-flex\">\n<div class=\"wp-block-column is-vertically-aligned-center is-layout-flow wp-block-column-is-layout-flow\" style=\"flex-basis:100%\">\n<iframe src=\"https:\/\/www.google.com\/maps\/embed?pb=!1m14!1m8!1m3!1d12224.852419790921!2d32.8694861!3d40.0036872!3m2!1i1024!2i768!4f13.1!3m3!1m2!1s0x14d34da4215386db%3A0x1098e7d8df819dad!2sTermal%20Teknik%20Kombi%20Servisi!5e0!3m2!1str!2str!4v1708698502012!5m2!1str!2str\" width=\"600\" height=\"450\" style=\"border:0;\" allowfullscreen=\"\" loading=\"lazy\" referrerpolicy=\"no-referrer-when-downgrade\"><\/iframe>\n<\/div>\n<\/div>\n","protected":false},"excerpt":{"rendered":"<p>\ufeff \u0130leti\u015fim Bilgilerimiz0532 246 8207 iletisim@termalteknik.com.tr Uyan\u0131\u015f, G\u00fclbaba Cd. No:23\/B, 06300 Ke\u00e7i\u00f6ren\/Ankara<\/p>\n","protected":false},"author":1,"featured_media":0,"parent":0,"menu_order":0,"comment_status":"closed","ping_status":"closed","template":"","meta":{"footnotes":""},"class_list":["post-75","page","type-page","status-publish","hentry"],"_links":{"self":[{"href":"https:\/\/termalteknik.com.tr\/klima-servisi\/wp-json\/wp\/v2\/pages\/75","targetHints":{"allow":["GET"]}}],"collection":[{"href":"https:\/\/termalteknik.com.tr\/klima-servisi\/wp-json\/wp\/v2\/pages"}],"about":[{"href":"https:\/\/termalteknik.com.tr\/klima-servisi\/wp-json\/wp\/v2\/types\/page"}],"author":[{"embeddable":true,"href":"https:\/\/termalteknik.com.tr\/klima-servisi\/wp-json\/wp\/v2\/users\/1"}],"replies":[{"embeddable":true,"href":"https:\/\/termalteknik.com.tr\/klima-servisi\/wp-json\/wp\/v2\/comments?post=75"}],"version-history":[{"count":8,"href":"https:\/\/termalteknik.com.tr\/klima-servisi\/wp-json\/wp\/v2\/pages\/75\/revisions"}],"predecessor-version":[{"id":883,"href":"https:\/\/termalteknik.com.tr\/klima-servisi\/wp-json\/wp\/v2\/pages\/75\/revisions\/883"}],"wp:attachment":[{"href":"https:\/\/termalteknik.com.tr\/klima-servisi\/wp-json\/wp\/v2\/media?parent=75"}],"curies":[{"name":"wp","href":"https:\/\/api.w.org\/{rel}","templated":true}]}}